{"id":2764,"date":"2026-03-10T20:10:02","date_gmt":"2026-03-10T20:10:02","guid":{"rendered":"https:\/\/staminaleadership.com\/?page_id=2764"},"modified":"2026-03-16T21:44:44","modified_gmt":"2026-03-16T21:44:44","slug":"parking","status":"publish","type":"page","link":"https:\/\/staminaleadership.com\/es\/parking\/","title":{"rendered":"\u00a1Gracias por confirmar el parking!"},"content":{"rendered":"<div data-elementor-type=\"wp-page\" data-elementor-id=\"2764\" class=\"elementor elementor-2764\">\n\t\t\t\t\t\t<section class=\"elementor-section elementor-top-section elementor-element elementor-element-3acbe2f elementor-section-boxed elementor-section-height-default elementor-section-height-default\" data-id=\"3acbe2f\" data-element_type=\"section\">\n\t\t\t\t\t\t<div class=\"elementor-container elementor-column-gap-default\">\n\t\t\t\t\t<div class=\"elementor-column elementor-col-100 elementor-top-column elementor-element elementor-element-c440164\" data-id=\"c440164\" data-element_type=\"column\">\n\t\t\t<div class=\"elementor-widget-wrap elementor-element-populated\">\n\t\t\t\t\t\t<div class=\"elementor-element elementor-element-5be8402 elementor-widget elementor-widget-text-editor\" data-id=\"5be8402\" data-element_type=\"widget\" data-widget_type=\"text-editor.default\">\n\t\t\t\t<div class=\"elementor-widget-container\">\n\t\t\t\t\t\t\t<blockquote data-start=\"436\" data-end=\"653\">\n<p data-start=\"438\" data-end=\"453\">\n<\/p><p data-start=\"438\" data-end=\"453\">La direcci\u00f3n del estacionamiento es:&nbsp;<b>Av. Cabildo 1513.&nbsp;<\/b><\/p>\n<p><\/p>\n<p data-start=\"317\" data-end=\"497\">Al ingresar, indic\u00e1 tu <strong data-start=\"402\" data-end=\"423\">nombre y apellido<\/strong> y que asist\u00eds al <strong data-start=\"441\" data-end=\"462\">evento de Stamina<\/strong>, y el parking estar\u00e1 bonificado.<\/p>\n<p data-start=\"504\" data-end=\"613\">Tambi\u00e9n dejamos la direcci\u00f3n registrada en el <strong data-start=\"550\" data-end=\"573\">calendar del evento<\/strong>, para que la tengas a mano ese d\u00eda \ud83d\ude09<\/p>\n<p data-start=\"620\" data-end=\"733\">Si necesit\u00e1s hacer alg\u00fan cambio, pod\u00e9s contactarnos por <strong data-start=\"676\" data-end=\"688\">WhatsApp<\/strong> o respondiendo al <strong data-start=\"707\" data-end=\"732\">email de confirmaci\u00f3n<\/strong>.<\/p>\n<p><\/p>\n<\/blockquote>\t\t\t\t\t\t<\/div>\n\t\t\t\t<\/div>\n\t\t\t\t\t<\/div>\n\t\t<\/div>\n\t\t\t\t\t<\/div>\n\t\t<\/section>\n\t\t\t\t<section class=\"elementor-section elementor-top-section elementor-element elementor-element-615537f elementor-section-boxed elementor-section-height-default elementor-section-height-default\" data-id=\"615537f\" data-element_type=\"section\">\n\t\t\t\t\t\t<div class=\"elementor-container elementor-column-gap-default\">\n\t\t\t\t\t<div class=\"elementor-column elementor-col-33 elementor-top-column elementor-element elementor-element-3ce6ac0\" data-id=\"3ce6ac0\" data-element_type=\"column\">\n\t\t\t<div class=\"elementor-widget-wrap\">\n\t\t\t\t\t\t\t<\/div>\n\t\t<\/div>\n\t\t\t\t<div class=\"elementor-column elementor-col-33 elementor-top-column elementor-element elementor-element-081cd66\" data-id=\"081cd66\" data-element_type=\"column\">\n\t\t\t<div class=\"elementor-widget-wrap elementor-element-populated\">\n\t\t\t\t\t\t<div class=\"elementor-element elementor-element-42b7cee elementor-widget elementor-widget-image\" data-id=\"42b7cee\" data-element_type=\"widget\" data-widget_type=\"image.default\">\n\t\t\t\t<div class=\"elementor-widget-container\">\n\t\t\t\t\t\t\t\t\t\t\t\t\t<img fetchpriority=\"high\" decoding=\"async\" width=\"800\" height=\"1000\" src=\"https:\/\/i0.wp.com\/staminaleadership.com\/wp-content\/uploads\/2026\/03\/Invitacion-Stamina-Aniversario.png?fit=800%2C1000&amp;ssl=1\" class=\"attachment-large size-large wp-image-2875\" alt=\"\" srcset=\"https:\/\/i0.wp.com\/staminaleadership.com\/wp-content\/uploads\/2026\/03\/Invitacion-Stamina-Aniversario.png?w=3375&amp;ssl=1 3375w, https:\/\/i0.wp.com\/staminaleadership.com\/wp-content\/uploads\/2026\/03\/Invitacion-Stamina-Aniversario.png?resize=240%2C300&amp;ssl=1 240w, https:\/\/i0.wp.com\/staminaleadership.com\/wp-content\/uploads\/2026\/03\/Invitacion-Stamina-Aniversario.png?resize=819%2C1024&amp;ssl=1 819w, https:\/\/i0.wp.com\/staminaleadership.com\/wp-content\/uploads\/2026\/03\/Invitacion-Stamina-Aniversario.png?resize=768%2C960&amp;ssl=1 768w, https:\/\/i0.wp.com\/staminaleadership.com\/wp-content\/uploads\/2026\/03\/Invitacion-Stamina-Aniversario.png?resize=1229%2C1536&amp;ssl=1 1229w, https:\/\/i0.wp.com\/staminaleadership.com\/wp-content\/uploads\/2026\/03\/Invitacion-Stamina-Aniversario.png?resize=1638%2C2048&amp;ssl=1 1638w, https:\/\/i0.wp.com\/staminaleadership.com\/wp-content\/uploads\/2026\/03\/Invitacion-Stamina-Aniversario.png?w=2400 2400w\" sizes=\"(max-width: 800px) 100vw, 800px\" \/>\t\t\t\t\t\t\t\t\t\t\t\t\t<\/div>\n\t\t\t\t<\/div>\n\t\t\t\t\t<\/div>\n\t\t<\/div>\n\t\t\t\t<div class=\"elementor-column elementor-col-33 elementor-top-column elementor-element elementor-element-615ca19\" data-id=\"615ca19\" data-element_type=\"column\">\n\t\t\t<div class=\"elementor-widget-wrap\">\n\t\t\t\t\t\t\t<\/div>\n\t\t<\/div>\n\t\t\t\t\t<\/div>\n\t\t<\/section>\n\t\t\t\t<\/div>","protected":false},"excerpt":{"rendered":"<p>La direcci\u00f3n del estacionamiento es:&nbsp;Av. Cabildo 1513.&nbsp; Al ingresar, indic\u00e1 tu nombre y apellido y que asist\u00eds al evento de Stamina, y el parking estar\u00e1 bonificado. Tambi\u00e9n dejamos la direcci\u00f3n registrada en el calendar del evento, para que la tengas a mano ese d\u00eda \ud83d\ude09 Si necesit\u00e1s hacer alg\u00fan cambio, pod\u00e9s contactarnos por WhatsApp o [&hellip;]<\/p>\n","protected":false},"author":1,"featured_media":0,"parent":0,"menu_order":0,"comment_status":"closed","ping_status":"closed","template":"","meta":{"spay_email":"","footnotes":""},"class_list":["post-2764","page","type-page","status-publish","hentry"],"_links":{"self":[{"href":"https:\/\/staminaleadership.com\/es\/wp-json\/wp\/v2\/pages\/2764"}],"collection":[{"href":"https:\/\/staminaleadership.com\/es\/wp-json\/wp\/v2\/pages"}],"about":[{"href":"https:\/\/staminaleadership.com\/es\/wp-json\/wp\/v2\/types\/page"}],"author":[{"embeddable":true,"href":"https:\/\/staminaleadership.com\/es\/wp-json\/wp\/v2\/users\/1"}],"replies":[{"embeddable":true,"href":"https:\/\/staminaleadership.com\/es\/wp-json\/wp\/v2\/comments?post=2764"}],"version-history":[{"count":24,"href":"https:\/\/staminaleadership.com\/es\/wp-json\/wp\/v2\/pages\/2764\/revisions"}],"predecessor-version":[{"id":2887,"href":"https:\/\/staminaleadership.com\/es\/wp-json\/wp\/v2\/pages\/2764\/revisions\/2887"}],"wp:attachment":[{"href":"https:\/\/staminaleadership.com\/es\/wp-json\/wp\/v2\/media?parent=2764"}],"curies":[{"name":"wp","href":"https:\/\/api.w.org\/{rel}","templated":true}]}}